{"id":219,"date":"2015-09-03T12:37:48","date_gmt":"2015-09-03T12:37:48","guid":{"rendered":"http:\/\/gokartssantaeulalia.es\/portada\/?lang=en"},"modified":"2015-09-22T09:21:33","modified_gmt":"2015-09-22T09:21:33","slug":"portada","status":"publish","type":"page","link":"https:\/\/gokartssantaeulalia.com\/en\/","title":{"rendered":"Home"},"content":{"rendered":"<p><strong>GO KARTS SANTA EULALIA <\/strong>les sugiere algo diferente en sus vacaciones. Circuito de m\u00e1s de 300 metros, emoci\u00f3n asegurada, Baby-karts a partir de 3 a\u00f1os. Karts infantiles a partir de 7 a\u00f1os, Karts de gran potencia para adultos, pista de motos el\u00e9ctricas y juegos recreativos para ni\u00f1os. Emule a sus \u00eddolos de F\u00f3rmula-1 y l\u00e1ncese a un mundo de nuevas sensaciones.<\/p>\n","protected":false},"excerpt":{"rendered":"<p>GO KARTS SANTA EULALIA les sugiere algo diferente en sus vacaciones. Circuito de m\u00e1s de 300 metros, emoci\u00f3n asegurada, Baby-karts a partir de 3 a\u00f1os. Karts infantiles a partir de 7 a\u00f1os, Karts de gran potencia para adultos, pista de motos el\u00e9ctricas y juegos recreativos para ni\u00f1os. Emule a sus \u00eddolos de F\u00f3rmula-1 y l\u00e1ncese&hellip;<\/p>\n","protected":false},"author":2,"featured_media":0,"parent":0,"menu_order":0,"comment_status":"closed","ping_status":"closed","template":"template-homepage.php","meta":{"footnotes":""},"class_list":["post-219","page","type-page","status-publish","hentry"],"yoast_head":"<!-- This site is optimized with the Yoast SEO plugin v27.4 - https:\/\/yoast.com\/product\/yoast-seo-wordpress\/ -->\n<title>Home - Go-Karts Santa Eulalia<\/title>\n<meta name=\"robots\" content=\"index, follow, max-snippet:-1, max-image-preview:large, max-video-preview:-1\" \/>\n<link rel=\"canonical\" href=\"https:\/\/gokartssantaeulalia.com\/en\/\" \/>\n<meta property=\"og:locale\" content=\"en_US\" \/>\n<meta property=\"og:type\" content=\"article\" \/>\n<meta property=\"og:title\" content=\"Home - Go-Karts Santa Eulalia\" \/>\n<meta property=\"og:description\" content=\"GO KARTS SANTA EULALIA les sugiere algo diferente en sus vacaciones. Circuito de m\u00e1s de 300 metros, emoci\u00f3n asegurada, Baby-karts a partir de 3 a\u00f1os. Karts infantiles a partir de 7 a\u00f1os, Karts de gran potencia para adultos, pista de motos el\u00e9ctricas y juegos recreativos para ni\u00f1os. Emule a sus \u00eddolos de F\u00f3rmula-1 y l\u00e1ncese&hellip;\" \/>\n<meta property=\"og:url\" content=\"https:\/\/gokartssantaeulalia.com\/en\/\" \/>\n<meta property=\"og:site_name\" content=\"Go-Karts Santa Eulalia\" \/>\n<meta property=\"article:modified_time\" content=\"2015-09-22T09:21:33+00:00\" \/>\n<meta name=\"twitter:card\" content=\"summary_large_image\" \/>\n<script type=\"application\/ld+json\" class=\"yoast-schema-graph\">{\"@context\":\"https:\\\/\\\/schema.org\",\"@graph\":[{\"@type\":\"WebPage\",\"@id\":\"https:\\\/\\\/gokartssantaeulalia.com\\\/en\\\/\",\"url\":\"https:\\\/\\\/gokartssantaeulalia.com\\\/en\\\/\",\"name\":\"Home - Go-Karts Santa Eulalia\",\"isPartOf\":{\"@id\":\"https:\\\/\\\/gokartssantaeulalia.com\\\/#website\"},\"datePublished\":\"2015-09-03T12:37:48+00:00\",\"dateModified\":\"2015-09-22T09:21:33+00:00\",\"breadcrumb\":{\"@id\":\"https:\\\/\\\/gokartssantaeulalia.com\\\/en\\\/#breadcrumb\"},\"inLanguage\":\"en-US\",\"potentialAction\":[{\"@type\":\"ReadAction\",\"target\":[\"https:\\\/\\\/gokartssantaeulalia.com\\\/en\\\/\"]}]},{\"@type\":\"BreadcrumbList\",\"@id\":\"https:\\\/\\\/gokartssantaeulalia.com\\\/en\\\/#breadcrumb\",\"itemListElement\":[{\"@type\":\"ListItem\",\"position\":1,\"name\":\"Portada\",\"item\":\"https:\\\/\\\/gokartssantaeulalia.com\\\/en\\\/\"},{\"@type\":\"ListItem\",\"position\":2,\"name\":\"Home\"}]},{\"@type\":\"WebSite\",\"@id\":\"https:\\\/\\\/gokartssantaeulalia.com\\\/#website\",\"url\":\"https:\\\/\\\/gokartssantaeulalia.com\\\/\",\"name\":\"Go-Karts Santa Eulalia\",\"description\":\"Karting en Ibiza\",\"potentialAction\":[{\"@type\":\"SearchAction\",\"target\":{\"@type\":\"EntryPoint\",\"urlTemplate\":\"https:\\\/\\\/gokartssantaeulalia.com\\\/?s={search_term_string}\"},\"query-input\":{\"@type\":\"PropertyValueSpecification\",\"valueRequired\":true,\"valueName\":\"search_term_string\"}}],\"inLanguage\":\"en-US\"}]}<\/script>\n<!-- \/ Yoast SEO plugin. -->","yoast_head_json":{"title":"Home - Go-Karts Santa Eulalia","robots":{"index":"index","follow":"follow","max-snippet":"max-snippet:-1","max-image-preview":"max-image-preview:large","max-video-preview":"max-video-preview:-1"},"canonical":"https:\/\/gokartssantaeulalia.com\/en\/","og_locale":"en_US","og_type":"article","og_title":"Home - Go-Karts Santa Eulalia","og_description":"GO KARTS SANTA EULALIA les sugiere algo diferente en sus vacaciones. Circuito de m\u00e1s de 300 metros, emoci\u00f3n asegurada, Baby-karts a partir de 3 a\u00f1os. Karts infantiles a partir de 7 a\u00f1os, Karts de gran potencia para adultos, pista de motos el\u00e9ctricas y juegos recreativos para ni\u00f1os. Emule a sus \u00eddolos de F\u00f3rmula-1 y l\u00e1ncese&hellip;","og_url":"https:\/\/gokartssantaeulalia.com\/en\/","og_site_name":"Go-Karts Santa Eulalia","article_modified_time":"2015-09-22T09:21:33+00:00","twitter_card":"summary_large_image","schema":{"@context":"https:\/\/schema.org","@graph":[{"@type":"WebPage","@id":"https:\/\/gokartssantaeulalia.com\/en\/","url":"https:\/\/gokartssantaeulalia.com\/en\/","name":"Home - Go-Karts Santa Eulalia","isPartOf":{"@id":"https:\/\/gokartssantaeulalia.com\/#website"},"datePublished":"2015-09-03T12:37:48+00:00","dateModified":"2015-09-22T09:21:33+00:00","breadcrumb":{"@id":"https:\/\/gokartssantaeulalia.com\/en\/#breadcrumb"},"inLanguage":"en-US","potentialAction":[{"@type":"ReadAction","target":["https:\/\/gokartssantaeulalia.com\/en\/"]}]},{"@type":"BreadcrumbList","@id":"https:\/\/gokartssantaeulalia.com\/en\/#breadcrumb","itemListElement":[{"@type":"ListItem","position":1,"name":"Portada","item":"https:\/\/gokartssantaeulalia.com\/en\/"},{"@type":"ListItem","position":2,"name":"Home"}]},{"@type":"WebSite","@id":"https:\/\/gokartssantaeulalia.com\/#website","url":"https:\/\/gokartssantaeulalia.com\/","name":"Go-Karts Santa Eulalia","description":"Karting en Ibiza","potentialAction":[{"@type":"SearchAction","target":{"@type":"EntryPoint","urlTemplate":"https:\/\/gokartssantaeulalia.com\/?s={search_term_string}"},"query-input":{"@type":"PropertyValueSpecification","valueRequired":true,"valueName":"search_term_string"}}],"inLanguage":"en-US"}]}},"_links":{"self":[{"href":"https:\/\/gokartssantaeulalia.com\/en\/wp-json\/wp\/v2\/pages\/219","targetHints":{"allow":["GET"]}}],"collection":[{"href":"https:\/\/gokartssantaeulalia.com\/en\/wp-json\/wp\/v2\/pages"}],"about":[{"href":"https:\/\/gokartssantaeulalia.com\/en\/wp-json\/wp\/v2\/types\/page"}],"author":[{"embeddable":true,"href":"https:\/\/gokartssantaeulalia.com\/en\/wp-json\/wp\/v2\/users\/2"}],"replies":[{"embeddable":true,"href":"https:\/\/gokartssantaeulalia.com\/en\/wp-json\/wp\/v2\/comments?post=219"}],"version-history":[{"count":0,"href":"https:\/\/gokartssantaeulalia.com\/en\/wp-json\/wp\/v2\/pages\/219\/revisions"}],"wp:attachment":[{"href":"https:\/\/gokartssantaeulalia.com\/en\/wp-json\/wp\/v2\/media?parent=219"}],"curies":[{"name":"wp","href":"https:\/\/api.w.org\/{rel}","templated":true}]}}